{"id":10636,"date":"2023-07-10T22:26:02","date_gmt":"2023-07-10T22:26:02","guid":{"rendered":"https:\/\/sinteza.ro\/geschaeftsbedingungen\/"},"modified":"2023-08-10T13:20:01","modified_gmt":"2023-08-10T13:20:01","slug":"geschaeftsbedingungen","status":"publish","type":"page","link":"https:\/\/sinteza.ro\/de\/geschaeftsbedingungen\/","title":{"rendered":"Gesch\u00e4ftsbedingungen"},"content":{"rendered":"\t\t<div data-elementor-type=\"wp-page\" data-elementor-id=\"10636\" class=\"elementor elementor-10636 elementor-7186\">\n\t\t\t\t\t\t\t\t\t<section class=\"elementor-section elementor-top-section elementor-element elementor-element-46d6b32 elementor-section-boxed elementor-section-height-default elementor-section-height-default\" data-id=\"46d6b32\" data-element_type=\"section\">\n\t\t\t\t\t\t<div class=\"elementor-container elementor-column-gap-default\">\n\t\t\t\t\t<div class=\"elementor-column elementor-col-100 elementor-top-column elementor-element elementor-element-cbe22c0\" data-id=\"cbe22c0\" data-element_type=\"column\">\n\t\t\t<div class=\"elementor-widget-wrap elementor-element-populated\">\n\t\t\t\t\t\t\t\t<div class=\"elementor-element elementor-element-fd5fb2b elementor-widget elementor-widget-text-editor\" data-id=\"fd5fb2b\" data-element_type=\"widget\" data-widget_type=\"text-editor.default\">\n\t\t\t\t<div class=\"elementor-widget-container\">\n\t\t\t<style>\/*! elementor - v3.15.0 - 09-08-2023 *\/\n.elementor-widget-text-editor.elementor-drop-cap-view-stacked .elementor-drop-cap{background-color:#69727d;color:#fff}.elementor-widget-text-editor.elementor-drop-cap-view-framed .elementor-drop-cap{color:#69727d;border:3px solid;background-color:transparent}.elementor-widget-text-editor:not(.elementor-drop-cap-view-default) .elementor-drop-cap{margin-top:8px}.elementor-widget-text-editor:not(.elementor-drop-cap-view-default) .elementor-drop-cap-letter{width:1em;height:1em}.elementor-widget-text-editor .elementor-drop-cap{float:left;text-align:center;line-height:1;font-size:50px}.elementor-widget-text-editor .elementor-drop-cap-letter{display:inline-block}<\/style>\t\t\t\t<p>Bitte lesen Sie die folgenden Bedingungen sorgf\u00e4ltig durch, bevor Sie die Website <a href=\"http:\/\/www.sinteza.ro\/\" target=\"_new\">www.sinteza.ro<\/a> (im Folgenden &#8220;Website&#8221;) nutzen. Diese Bedingungen legen Ihre Rechte und Pflichten fest im Zusammenhang mit der Nutzung der Website und der von SINTEZA S.A. angebotenen Dienstleistungen (im Folgenden &#8220;Wir&#8221; oder &#8220;das Unternehmen&#8221; genannt). Durch den Zugriff und die Nutzung der Website erkl\u00e4ren Sie sich damit einverstanden, diese Bedingungen zu respektieren und ihnen zuzustimmen. Wenn Sie mit diesen Bedingungen nicht einverstanden sind, nutzen Sie die Website bitte nicht.<\/p>\n<ol>\n<li><strong>Definitionen<\/strong><\/li>\n<\/ol>\n<ul>\n<li>&#8220;Site&#8221; bezieht sich auf die Website <a href=\"http:\/\/www.sinteza.ro\/\" target=\"_new\">www.sinteza.ro<\/a> sowie alle ihre Seiten und Subdomains.<\/li>\n<li>&#8220;Wir&#8221;, &#8220;das Unternehmen&#8221; oder &#8220;SINTEZA S.A.&#8221; bezieht sich auf das Unternehmen SINTEZA S.A., eingetragen unter der USt-IdNr. 67329 und im Handelsregister unter der Nummer J05\/197\/1991 registriert, mit Gesch\u00e4ftssitz unter folgender Adresse: Stra\u00dfe Borsului 35 C, Oradea, Bihor, Rum\u00e4nien.<\/li>\n<li>&#8220;Benutzer&#8221; oder &#8220;Sie&#8221; bezieht sich auf die nat\u00fcrliche oder juristische Person, die auf die Website zugreift und sie nutzt.<\/li>\n<\/ul>\n<ol start=\"2\">\n<li><strong>Zugang und Nutzung der Website<\/strong><\/li>\n<\/ol>\n<p>2.1 Zugang zur Website Der Zugang zur Website steht allen Benutzern offen, unter der Voraussetzung, dass diese Bedingungen eingehalten werden.<\/p>\n<p>2.2 Nutzung der Website (a) Die Benutzer sind verantwortlich f\u00fcr den Zugang und die Nutzung der Website gem\u00e4\u00df den geltenden Gesetzen, Vorschriften und diesen Bedingungen. (b) Benutzer haben nicht das Recht, den Inhalt der Website ohne unsere schriftliche und ausdr\u00fcckliche Zustimmung zu kopieren, zu \u00e4ndern, zu verteilen, zu \u00fcbertragen, anzuzeigen, zu ver\u00f6ffentlichen, zu verkaufen oder abgeleitete Werke zu erstellen. (c) Benutzer d\u00fcrfen die Website nicht f\u00fcr illegale Zwecke nutzen oder Material hochladen, \u00fcbertragen oder verteilen, das die Funktionalit\u00e4t oder Sicherheit der Website oder anderer Benutzer beeintr\u00e4chtigen k\u00f6nnte. (d) Wir behalten uns das Recht vor, den Zugang der Benutzer zur Website jederzeit und ohne vorherige Ank\u00fcndigung einzuschr\u00e4nken, auszusetzen oder zu beenden, wenn diese Bedingungen verletzt werden.<\/p>\n<ol start=\"3\">\n<li><strong>Datenschutz und Schutz personenbezogener Daten<\/strong><\/li>\n<\/ol>\n<p>3.1 Erfassung und Verwendung personenbezogener Daten Wir respektieren die Vertraulichkeit der personenbezogenen Daten der Benutzer und verpflichten uns, diese gem\u00e4\u00df den Bestimmungen der Datenschutz-Grundverordnung (&#8220;DSGVO&#8221;) und geltenden nationalen Gesetzen zu sch\u00fctzen. Unsere Datenschutzrichtlinie, die auf der Website verf\u00fcgbar ist, erl\u00e4utert, wie wir personenbezogene Daten der Benutzer erfassen, verwenden und sch\u00fctzen.<\/p>\n<p>3.2 Cookies Die Website verwendet Cookies, um eine personalisierte Erfahrung zu bieten und die Nutzung der Website zu analysieren. Unsere Cookie-Richtlinie, die auf der Website verf\u00fcgbar ist, bietet ausf\u00fchrliche Informationen \u00fcber die Verwendung von Cookies und die Optionen der Benutzer in diesem Zusammenhang.<\/p>\n<ol start=\"4\">\n<li><strong>Geistiges Eigentum<\/strong><\/li>\n<\/ol>\n<p>4.1 Urheberrechte und Marken Alle Urheberrechte und sonstigen geistigen Eigentumsrechte am Inhalt und Design der Website (einschlie\u00dflich, aber nicht beschr\u00e4nkt auf Texte, Grafiken, Bilder, Logos, Audio- und Videoclips) liegen bei uns oder unseren Lizenzgebern und werden durch das Urheberrecht und andere anwendbare Gesetze gesch\u00fctzt.<\/p>\n<p>4.2 Nutzung des Website-Inhalts (a) Benutzer k\u00f6nnen den Inhalt der Website zu pers\u00f6nlichen und nicht kommerziellen Zwecken zugreifen und anzeigen. (b) Das Kopieren, Verteilen, Modifizieren, Reproduzieren, Ver\u00f6ffentlichen, \u00dcbertragen, Verkaufen oder Erstellen abgeleiteter Werke basierend auf dem Inhalt der Website ist ohne unsere schriftliche und ausdr\u00fcckliche Zustimmung untersagt.<\/p>\n<ol start=\"5\">\n<li><strong>Haftungsbeschr\u00e4nkung<\/strong><\/li>\n<\/ol>\n<p>5.1 Informationen und Inhalt Wir bem\u00fchen uns nach besten Kr\u00e4ften sicherzustellen, dass die auf der Website pr\u00e4sentierten Informationen und Inhalte korrekt, vollst\u00e4ndig und aktuell sind. Jedoch k\u00f6nnen wir die Genauigkeit, Vollst\u00e4ndigkeit oder Aktualit\u00e4t nicht garantieren. Die Nutzung der Informationen und Inhalte der Website erfolgt auf eigenes Risiko des Benutzers.<\/p>\n<p>5.2 Links zu Drittanbieter-Websites Unsere Website kann Links zu Drittanbieter-Websites enthalten. Diese Links dienen nur zu Informationszwecken und bedeuten in keiner Weise eine Unterst\u00fctzung oder Verbindung unsererseits zu den jeweiligen Drittanbieter-Websites. Wir \u00fcbernehmen keine Verantwortung f\u00fcr den Inhalt, die Datenschutzrichtlinien oder die Praktiken von Drittanbieter-Websites.<\/p>\n<ol start=\"6\">\n<li><strong>\u00c4nderungen der Bedingungen und Konditionen<\/strong><\/li>\n<\/ol>\n<p>Wir behalten uns das Recht vor, diese Bedingungen jederzeit zu \u00e4ndern. \u00c4nderungen treten sofort nach ihrer Ver\u00f6ffentlichung auf der Website in Kraft. Die fortgesetzte Nutzung der Website nach der Ver\u00f6ffentlichung von \u00c4nderungen stellt die Zustimmung des Benutzers dar, an die ge\u00e4nderten Bedingungen gebunden zu sein.<\/p>\n<ol start=\"7\">\n<li><strong>Anwendbares Recht und Gerichtsstand<\/strong><\/li>\n<\/ol>\n<p>Diese Bedingungen unterliegen den Gesetzen Rum\u00e4niens und werden entsprechend ausgelegt. Etwaige Streitigkeiten, die sich aus der Nutzung oder Auslegung dieser Bedingungen ergeben k\u00f6nnten, unterliegen der Gerichtsbarkeit der zust\u00e4ndigen Gerichte in Rum\u00e4nien.<\/p>\n<ol start=\"8\">\n<li><strong>Kontakt<\/strong><\/li>\n<\/ol>\n<p>Bei Fragen, Bedenken oder W\u00fcnschen zu diesen Allgemeinen Gesch\u00e4ftsbedingungen kontaktieren Sie uns bitte unter der E-Mail-Adresse <a href=\"mailto:sinteza@sinteza.ro\" target=\"_new\">sinteza@sinteza.ro<\/a> oder unter der Postanschrift: SINTEZA S.A. Stra\u00dfe Borsului 35 C, Oradea, Bihor, Rum\u00e4nien.<\/p>\n\t\t\t\t\t\t<\/div>\n\t\t\t\t<\/div>\n\t\t\t\t\t<\/div>\n\t\t<\/div>\n\t\t\t\t\t\t\t<\/div>\n\t\t<\/section>\n\t\t\t\t\t\t\t<\/div>\n\t\t","protected":false},"excerpt":{"rendered":"<p>Bitte lesen Sie die folgenden Bedingungen sorgf\u00e4ltig durch, bevor Sie die Website www.sinteza.ro (im Folgenden &#8220;Website&#8221;) nutzen. Diese Bedingungen legen Ihre Rechte und Pflichten fest im Zusammenhang mit der Nutzung der Website und der von SINTEZA S.A. angebotenen Dienstleistungen (im Folgenden &#8220;Wir&#8221; oder &#8220;das Unternehmen&#8221; genannt). Durch den Zugriff und die Nutzung der Website erkl\u00e4ren [&hellip;]<\/p>\n","protected":false},"author":1,"featured_media":0,"parent":0,"menu_order":0,"comment_status":"closed","ping_status":"closed","template":"","meta":{"inline_featured_image":false,"footnotes":""},"class_list":["post-10636","page","type-page","status-publish","hentry"],"_links":{"self":[{"href":"https:\/\/sinteza.ro\/de\/wp-json\/wp\/v2\/pages\/10636"}],"collection":[{"href":"https:\/\/sinteza.ro\/de\/wp-json\/wp\/v2\/pages"}],"about":[{"href":"https:\/\/sinteza.ro\/de\/wp-json\/wp\/v2\/types\/page"}],"author":[{"embeddable":true,"href":"https:\/\/sinteza.ro\/de\/wp-json\/wp\/v2\/users\/1"}],"replies":[{"embeddable":true,"href":"https:\/\/sinteza.ro\/de\/wp-json\/wp\/v2\/comments?post=10636"}],"version-history":[{"count":1,"href":"https:\/\/sinteza.ro\/de\/wp-json\/wp\/v2\/pages\/10636\/revisions"}],"predecessor-version":[{"id":10637,"href":"https:\/\/sinteza.ro\/de\/wp-json\/wp\/v2\/pages\/10636\/revisions\/10637"}],"wp:attachment":[{"href":"https:\/\/sinteza.ro\/de\/wp-json\/wp\/v2\/media?parent=10636"}],"curies":[{"name":"wp","href":"https:\/\/api.w.org\/{rel}","templated":true}]}}