{"id":10617,"date":"2023-07-10T13:08:16","date_gmt":"2023-07-10T13:08:16","guid":{"rendered":"https:\/\/sinteza.ro\/corporate-governance\/"},"modified":"2023-09-28T08:27:11","modified_gmt":"2023-09-28T08:27:11","slug":"corporate-governance","status":"publish","type":"page","link":"https:\/\/sinteza.ro\/de\/corporate-governance\/","title":{"rendered":"Corporate Governance"},"content":{"rendered":"\t\t<div data-elementor-type=\"wp-page\" data-elementor-id=\"10617\" class=\"elementor elementor-10617 elementor-6686\">\n\t\t\t\t\t\t\t\t\t<section class=\"elementor-section elementor-top-section elementor-element elementor-element-470e2e9 elementor-section-boxed elementor-section-height-default elementor-section-height-default\" data-id=\"470e2e9\" data-element_type=\"section\">\n\t\t\t\t\t\t<div class=\"elementor-container elementor-column-gap-default\">\n\t\t\t\t\t<div class=\"elementor-column elementor-col-100 elementor-top-column elementor-element elementor-element-321bc66\" data-id=\"321bc66\" data-element_type=\"column\">\n\t\t\t<div class=\"elementor-widget-wrap elementor-element-populated\">\n\t\t\t\t\t\t\t\t<div class=\"elementor-element elementor-element-0b9581e elementor-widget elementor-widget-text-editor\" data-id=\"0b9581e\" data-element_type=\"widget\" data-widget_type=\"text-editor.default\">\n\t\t\t\t<div class=\"elementor-widget-container\">\n\t\t\t<style>\/*! elementor - v3.15.0 - 09-08-2023 *\/\n.elementor-widget-text-editor.elementor-drop-cap-view-stacked .elementor-drop-cap{background-color:#69727d;color:#fff}.elementor-widget-text-editor.elementor-drop-cap-view-framed .elementor-drop-cap{color:#69727d;border:3px solid;background-color:transparent}.elementor-widget-text-editor:not(.elementor-drop-cap-view-default) .elementor-drop-cap{margin-top:8px}.elementor-widget-text-editor:not(.elementor-drop-cap-view-default) .elementor-drop-cap-letter{width:1em;height:1em}.elementor-widget-text-editor .elementor-drop-cap{float:left;text-align:center;line-height:1;font-size:50px}.elementor-widget-text-editor .elementor-drop-cap-letter{display:inline-block}<\/style>\t\t\t\t<p style=\"font-weight: 400;\">SINTEZA S.A. hat den Corporate Governance Code der Bukarester Wertpapierb\u00f6rse angenommen und wendet die Bestimmungen des Codes freiwillig an, basierend auf bew\u00e4hrten Praktiken von Transparenz und Vertrauen.<\/p>\n<p style=\"font-weight: 400;\">Die Corporate Governance von SINTEZA S.A. umfasst die Gesamtheit der Regelungen gem\u00e4\u00df dem Corporate Governance Code, der Satzung und anderen internen Vorschriften, die die Leitung und Kontrolle der T\u00e4tigkeit des Unternehmens regeln. Es werden die Hauptausrichtungen und grundlegenden Regeln festgelegt, die vom Management von SINTEZA im Bereich der Unternehmensf\u00fchrung \u00fcbernommen werden.<\/p>\n<p style=\"font-weight: 400;\">Das Corporate-Governance-System von SINTEZA S.A. hat haupts\u00e4chlich zum Ziel, die Rechte und legitimen Interessen der Aktion\u00e4re zu wahren sowie die Integrit\u00e4t, ethisches Verhalten und fachliche Kompetenz des Managementteams und der Mitarbeiter sicherzustellen.<\/p>\n\t\t\t\t\t\t<\/div>\n\t\t\t\t<\/div>\n\t\t\t\t\t<\/div>\n\t\t<\/div>\n\t\t\t\t\t\t\t<\/div>\n\t\t<\/section>\n\t\t\t\t\t\t\t<\/div>\n\t\t","protected":false},"excerpt":{"rendered":"<p>SINTEZA S.A. hat den Corporate Governance Code der Bukarester Wertpapierb\u00f6rse angenommen und wendet die Bestimmungen des Codes freiwillig an, basierend auf bew\u00e4hrten Praktiken von Transparenz und Vertrauen. Die Corporate Governance von SINTEZA S.A. umfasst die Gesamtheit der Regelungen gem\u00e4\u00df dem Corporate Governance Code, der Satzung und anderen internen Vorschriften, die die Leitung und Kontrolle der [&hellip;]<\/p>\n","protected":false},"author":1,"featured_media":0,"parent":0,"menu_order":0,"comment_status":"closed","ping_status":"closed","template":"","meta":{"inline_featured_image":false,"footnotes":""},"class_list":["post-10617","page","type-page","status-publish","hentry"],"_links":{"self":[{"href":"https:\/\/sinteza.ro\/de\/wp-json\/wp\/v2\/pages\/10617"}],"collection":[{"href":"https:\/\/sinteza.ro\/de\/wp-json\/wp\/v2\/pages"}],"about":[{"href":"https:\/\/sinteza.ro\/de\/wp-json\/wp\/v2\/types\/page"}],"author":[{"embeddable":true,"href":"https:\/\/sinteza.ro\/de\/wp-json\/wp\/v2\/users\/1"}],"replies":[{"embeddable":true,"href":"https:\/\/sinteza.ro\/de\/wp-json\/wp\/v2\/comments?post=10617"}],"version-history":[{"count":1,"href":"https:\/\/sinteza.ro\/de\/wp-json\/wp\/v2\/pages\/10617\/revisions"}],"predecessor-version":[{"id":10618,"href":"https:\/\/sinteza.ro\/de\/wp-json\/wp\/v2\/pages\/10617\/revisions\/10618"}],"wp:attachment":[{"href":"https:\/\/sinteza.ro\/de\/wp-json\/wp\/v2\/media?parent=10617"}],"curies":[{"name":"wp","href":"https:\/\/api.w.org\/{rel}","templated":true}]}}