{"id":10579,"date":"2023-07-31T11:55:59","date_gmt":"2023-07-31T09:55:59","guid":{"rendered":"https:\/\/sinteza.ro\/informationen\/"},"modified":"2024-11-05T18:11:14","modified_gmt":"2024-11-05T16:11:14","slug":"informationen","status":"publish","type":"page","link":"https:\/\/sinteza.ro\/de\/informationen\/","title":{"rendered":"Informationen"},"content":{"rendered":"\t\t<div data-elementor-type=\"wp-page\" data-elementor-id=\"10579\" class=\"elementor elementor-10579 elementor-8873\">\n\t\t\t\t\t\t\t\t\t<section class=\"elementor-section elementor-top-section elementor-element elementor-element-0c7a24e elementor-section-boxed elementor-section-height-default elementor-section-height-default\" data-id=\"0c7a24e\" data-element_type=\"section\">\n\t\t\t\t\t\t<div class=\"elementor-container elementor-column-gap-default\">\n\t\t\t\t\t<div class=\"elementor-column elementor-col-100 elementor-top-column elementor-element elementor-element-aca1346\" data-id=\"aca1346\" data-element_type=\"column\">\n\t\t\t<div class=\"elementor-widget-wrap elementor-element-populated\">\n\t\t\t\t\t\t\t\t<div class=\"elementor-element elementor-element-79260b7 elementor-widget elementor-widget-text-editor\" data-id=\"79260b7\" data-element_type=\"widget\" data-widget_type=\"text-editor.default\">\n\t\t\t\t<div class=\"elementor-widget-container\">\n\t\t\t<style>\/*! elementor - v3.15.0 - 09-08-2023 *\/\n.elementor-widget-text-editor.elementor-drop-cap-view-stacked .elementor-drop-cap{background-color:#69727d;color:#fff}.elementor-widget-text-editor.elementor-drop-cap-view-framed .elementor-drop-cap{color:#69727d;border:3px solid;background-color:transparent}.elementor-widget-text-editor:not(.elementor-drop-cap-view-default) .elementor-drop-cap{margin-top:8px}.elementor-widget-text-editor:not(.elementor-drop-cap-view-default) .elementor-drop-cap-letter{width:1em;height:1em}.elementor-widget-text-editor .elementor-drop-cap{float:left;text-align:center;line-height:1;font-size:50px}.elementor-widget-text-editor .elementor-drop-cap-letter{display:inline-block}<\/style>\t\t\t\t<h5>INFORMATIONEN \u00dcBER DAS UNTERNEHMEN<\/h5><p><strong>SINTEZA S.A.<\/strong><\/p><p><strong>Adresse<\/strong><\/p><p>Stra\u00dfe Bor\u0219ului nummer 35, Oradea, Bihor, Rum\u00e4nien<\/p><p><strong>Postleitzahl:<\/strong> 410605<\/p><p><strong>Email<\/strong><\/p><p><a href=\"mailto:sinteza@sinteza.ro\">sinteza@sinteza.ro<\/a><\/p><p><strong>Telefon<\/strong><\/p><p><a href=\"tel:+%2040%20259%20456%20116\">+40 259 456 116<\/a><\/p><p><strong>VERWALTUNGSRAT<\/strong><\/p><p>Alexandru Savin &#8211; Pr\u00e4sident<\/p><p>Radu Pascu &#8211; Mitglied<\/p><p>Cosmin Turcu &#8211; Mitglied<\/p><p><strong>GESCH\u00c4FTSF\u00dcHRER<\/strong><\/p><p>dr. Gelu Stan<\/p><p><strong>GESCH\u00c4FTSSTELLE<\/strong><\/p><p>Rum\u00e4nien, Oradea, Stra\u00dfe Bor\u0219ului nummer 35<\/p><p><strong>REGISTRIERT BEI<\/strong><\/p><p>Handelsregisteramt beim Gericht Bihor unter der Nr.: J05\/197\/1991, Steuernummer: RO67329<\/p><p>EUID:ROONRC.J05\/197\/1991<\/p><p><strong>ANSCHREIBPARTNER F\u00dcR VERK\u00c4UFE<\/strong><\/p><p>Maria Bold<\/p><p><a href=\"mailto:maria.boldi@sinteza.ro\">maria.boldi@sinteza.ro<\/a><\/p><p><a href=\"tel:+40741883310\">+40 741 883 310<\/a><\/p><p>Peter Edes &#8211; BTA Chemicals<\/p><p><a href=\"mailto:info@btachemicals.com\">info@btachemicals.com<\/a><\/p><p><a href=\"tel:+31 652 549 930\">+31 652 549 930<\/a><\/p><p><em>F\u00fcr Westeuropa.<\/em><\/p><p><strong>KOMMUNIKATION MIT INVESTOREN UND SOZIALE-MEDIEN-BEZIEHUNG<\/strong><\/p><p>Adrian Bucurean<\/p><p><a href=\"mailto:sinteza@sinteza.ro\">sinteza@sinteza.ro<\/a><\/p><p><a href=\"tel:+40 749 610 107\">+40 749 610 107<\/a><\/p><p><strong>FOTOVERMERK<\/strong><\/p><p><a href=\"https:\/\/www.craiyon.com\/\" target=\"_blank\" rel=\"noopener\">www.craiyon.com<\/a> \/ SINTEZA \/ <a href=\"https:\/\/www.freepik.com\/\" target=\"_blank\" rel=\"noopener\">www.freepik.com<\/a> \/ Kusnyer Sipos Brigitta<\/p><p><strong>WEB DESIGN<\/strong><\/p><p><a href=\"https:\/\/visionweb.ro\/\" target=\"_blank\" rel=\"noopener\">www.visionweb.ro<\/a><\/p>\t\t\t\t\t\t<\/div>\n\t\t\t\t<\/div>\n\t\t\t\t\t<\/div>\n\t\t<\/div>\n\t\t\t\t\t\t\t<\/div>\n\t\t<\/section>\n\t\t\t\t\t\t\t<\/div>\n\t\t","protected":false},"excerpt":{"rendered":"<p>INFORMATIONEN \u00dcBER DAS UNTERNEHMEN SINTEZA S.A. Adresse Stra\u00dfe Bor\u0219ului nummer 35, Oradea, Bihor, Rum\u00e4nien Postleitzahl: 410605 Email sinteza@sinteza.ro Telefon +40 259 456 116 VERWALTUNGSRAT Alexandru Savin &#8211; Pr\u00e4sident Radu Pascu &#8211; Mitglied Cosmin Turcu &#8211; Mitglied GESCH\u00c4FTSF\u00dcHRER dr. Gelu Stan GESCH\u00c4FTSSTELLE Rum\u00e4nien, Oradea, Stra\u00dfe Bor\u0219ului nummer 35 REGISTRIERT BEI Handelsregisteramt beim Gericht Bihor unter der [&hellip;]<\/p>\n","protected":false},"author":1,"featured_media":0,"parent":0,"menu_order":0,"comment_status":"closed","ping_status":"closed","template":"","meta":{"inline_featured_image":false,"footnotes":""},"class_list":["post-10579","page","type-page","status-publish","hentry"],"_links":{"self":[{"href":"https:\/\/sinteza.ro\/de\/wp-json\/wp\/v2\/pages\/10579"}],"collection":[{"href":"https:\/\/sinteza.ro\/de\/wp-json\/wp\/v2\/pages"}],"about":[{"href":"https:\/\/sinteza.ro\/de\/wp-json\/wp\/v2\/types\/page"}],"author":[{"embeddable":true,"href":"https:\/\/sinteza.ro\/de\/wp-json\/wp\/v2\/users\/1"}],"replies":[{"embeddable":true,"href":"https:\/\/sinteza.ro\/de\/wp-json\/wp\/v2\/comments?post=10579"}],"version-history":[{"count":31,"href":"https:\/\/sinteza.ro\/de\/wp-json\/wp\/v2\/pages\/10579\/revisions"}],"predecessor-version":[{"id":11613,"href":"https:\/\/sinteza.ro\/de\/wp-json\/wp\/v2\/pages\/10579\/revisions\/11613"}],"wp:attachment":[{"href":"https:\/\/sinteza.ro\/de\/wp-json\/wp\/v2\/media?parent=10579"}],"curies":[{"name":"wp","href":"https:\/\/api.w.org\/{rel}","templated":true}]}}