{"id":10572,"date":"2023-07-10T13:01:55","date_gmt":"2023-07-10T13:01:55","guid":{"rendered":"https:\/\/sinteza.ro\/ueber-uns\/"},"modified":"2023-08-09T18:07:19","modified_gmt":"2023-08-09T18:07:19","slug":"ueber-uns","status":"publish","type":"page","link":"https:\/\/sinteza.ro\/de\/ueber-uns\/","title":{"rendered":"\u00dcber uns"},"content":{"rendered":"\t\t<div data-elementor-type=\"wp-page\" data-elementor-id=\"10572\" class=\"elementor elementor-10572 elementor-6668\">\n\t\t\t\t\t\t\t\t\t<section class=\"elementor-section elementor-top-section elementor-element elementor-element-0e210d8 elementor-section-boxed elementor-section-height-default elementor-section-height-default\" data-id=\"0e210d8\" data-element_type=\"section\">\n\t\t\t\t\t\t<div class=\"elementor-container elementor-column-gap-default\">\n\t\t\t\t\t<div class=\"elementor-column elementor-col-100 elementor-top-column elementor-element elementor-element-896be15\" data-id=\"896be15\" data-element_type=\"column\">\n\t\t\t<div class=\"elementor-widget-wrap elementor-element-populated\">\n\t\t\t\t\t\t\t\t<div class=\"elementor-element elementor-element-8e89601 elementor-widget elementor-widget-text-editor\" data-id=\"8e89601\" data-element_type=\"widget\" data-widget_type=\"text-editor.default\">\n\t\t\t\t<div class=\"elementor-widget-container\">\n\t\t\t<style>\/*! elementor - v3.15.0 - 09-08-2023 *\/\n.elementor-widget-text-editor.elementor-drop-cap-view-stacked .elementor-drop-cap{background-color:#69727d;color:#fff}.elementor-widget-text-editor.elementor-drop-cap-view-framed .elementor-drop-cap{color:#69727d;border:3px solid;background-color:transparent}.elementor-widget-text-editor:not(.elementor-drop-cap-view-default) .elementor-drop-cap{margin-top:8px}.elementor-widget-text-editor:not(.elementor-drop-cap-view-default) .elementor-drop-cap-letter{width:1em;height:1em}.elementor-widget-text-editor .elementor-drop-cap{float:left;text-align:center;line-height:1;font-size:50px}.elementor-widget-text-editor .elementor-drop-cap-letter{display:inline-block}<\/style>\t\t\t\t<p>Wir, SINTEZA, glauben daran, dass die von Menschen verwendeten Chemikalien unter Ber\u00fccksichtigung des Einflusses, den die Chemie auf das Klima und die Ressourcen unseres Planeten hat, hergestellt werden k\u00f6nnen.<\/p>\n<p>Wir werden unsere \u00fcber 100-j\u00e4hrige Erfahrung in der chemischen Industrie nutzen, um sicherzustellen, dass SINTEZA bis 2025 ein umweltfreundliches Chemieunternehmen wird.<\/p>\n<p>Die von uns hergestellten Chemikalien werden im Jahr 2025 einen erneuerbaren Kohlenstoffindex (RCI) von mindestens 10% und im Jahr 2035 von \u00fcber 50% aufweisen.<\/p>\n<p>Wir sind ein Team von fast 100 chemiebegeisterten Fachleuten, die Synthesechemikalien f\u00fcr \u00fcber 50 Kunden in mehr als 25 L\u00e4ndern in der EMEA-Region herstellen. \u00dcber 95% unseres Umsatzes erwirtschaften wir mit Partnern au\u00dferhalb Rum\u00e4niens.<\/p>\t\t\t\t\t\t<\/div>\n\t\t\t\t<\/div>\n\t\t\t\t\t<\/div>\n\t\t<\/div>\n\t\t\t\t\t\t\t<\/div>\n\t\t<\/section>\n\t\t\t\t\t\t\t<\/div>\n\t\t","protected":false},"excerpt":{"rendered":"<p>Wir, SINTEZA, glauben daran, dass die von Menschen verwendeten Chemikalien unter Ber\u00fccksichtigung des Einflusses, den die Chemie auf das Klima und die Ressourcen unseres Planeten hat, hergestellt werden k\u00f6nnen. Wir werden unsere \u00fcber 100-j\u00e4hrige Erfahrung in der chemischen Industrie nutzen, um sicherzustellen, dass SINTEZA bis 2025 ein umweltfreundliches Chemieunternehmen wird. Die von uns hergestellten Chemikalien [&hellip;]<\/p>\n","protected":false},"author":1,"featured_media":0,"parent":0,"menu_order":0,"comment_status":"closed","ping_status":"closed","template":"","meta":{"inline_featured_image":false,"footnotes":""},"class_list":["post-10572","page","type-page","status-publish","hentry"],"_links":{"self":[{"href":"https:\/\/sinteza.ro\/de\/wp-json\/wp\/v2\/pages\/10572"}],"collection":[{"href":"https:\/\/sinteza.ro\/de\/wp-json\/wp\/v2\/pages"}],"about":[{"href":"https:\/\/sinteza.ro\/de\/wp-json\/wp\/v2\/types\/page"}],"author":[{"embeddable":true,"href":"https:\/\/sinteza.ro\/de\/wp-json\/wp\/v2\/users\/1"}],"replies":[{"embeddable":true,"href":"https:\/\/sinteza.ro\/de\/wp-json\/wp\/v2\/comments?post=10572"}],"version-history":[{"count":1,"href":"https:\/\/sinteza.ro\/de\/wp-json\/wp\/v2\/pages\/10572\/revisions"}],"predecessor-version":[{"id":10573,"href":"https:\/\/sinteza.ro\/de\/wp-json\/wp\/v2\/pages\/10572\/revisions\/10573"}],"wp:attachment":[{"href":"https:\/\/sinteza.ro\/de\/wp-json\/wp\/v2\/media?parent=10572"}],"curies":[{"name":"wp","href":"https:\/\/api.w.org\/{rel}","templated":true}]}}